{"id":1022,"date":"2022-07-22T17:23:17","date_gmt":"2022-07-22T17:23:17","guid":{"rendered":"https:\/\/mmwsistem.com\/?page_id=1022"},"modified":"2022-07-22T17:33:34","modified_gmt":"2022-07-22T17:33:34","slug":"terminos-y-condiciones","status":"publish","type":"page","link":"https:\/\/mmwsistem.com\/?page_id=1022","title":{"rendered":"T\u00e9rminos Y Condiciones"},"content":{"rendered":"<style>:root{--page-title-display:none;}.elementor-widget .tippy-tooltip .tippy-content{text-align:center;}<\/style>\t\t<div data-elementor-type=\"wp-page\" data-elementor-id=\"1022\" class=\"elementor elementor-1022\">\n\t\t\t\t\t\t<section class=\"elementor-section elementor-top-section elementor-element elementor-element-36705f2 elementor-section-boxed elementor-section-height-default elementor-section-height-default\" data-id=\"36705f2\" data-element_type=\"section\">\n\t\t\t\t\t\t<div class=\"elementor-container elementor-column-gap-default\">\n\t\t\t\t\t<div class=\"elementor-column elementor-col-100 elementor-top-column elementor-element elementor-element-f38f77c\" data-id=\"f38f77c\" data-element_type=\"column\">\n\t\t\t<div class=\"elementor-widget-wrap elementor-element-populated\">\n\t\t\t\t\t\t<div class=\"elementor-element elementor-element-3430d26 elementor-widget elementor-widget-text-editor\" data-id=\"3430d26\" data-element_type=\"widget\" data-widget_type=\"text-editor.default\">\n\t\t\t\t<div class=\"elementor-widget-container\">\n\t\t\t\t\t\t\t\t\t<div data-id=\"056bd57\" data-element_type=\"widget\" data-settings=\"{&quot;ekit_we_effect_on&quot;:&quot;none&quot;}\" data-widget_type=\"heading.default\"><div><h2>T\u00e9rminos y Condiciones<\/h2><\/div><\/div><div data-id=\"ecaaf30\" data-element_type=\"widget\" data-settings=\"{&quot;ekit_we_effect_on&quot;:&quot;none&quot;}\" data-widget_type=\"text-editor.default\"><div><p>La presente p\u00e1gina web tiene por objeto facilitar al p\u00fablico en general el conocimiento de las actividades que realiza y de los servicios que prestar\u00e1 M &amp; M WATER SISTEM S.A.C\u00a0 (en adelante\u00a0 \u201cAkua D&#8217;Vida\u201d) transmitiendo publicidad relativa a nuestras actividades y oferta comercial a las personas que se registren mediante esta p\u00e1gina web u otro canal autorizado.<\/p><p>El acceso a la web de Akua D&#8217;Vida, atribuye a quien lo efect\u00faa la condici\u00f3n de visitante e implica la aceptaci\u00f3n plena y sin reservas de todos los t\u00e9rminos y condiciones incluidos en este documento seg\u00fan se encuentren vigentes en el momento mismo en que el visitante acceda a la web de Akua D&#8217;Vida. En consecuencia, el visitante debe leer atentamente el presente documento en cada una de las ocasiones en que se proponga utilizar esta p\u00e1gina web, ya que aqu\u00e9l puede sufrir modificaciones.<\/p><p>En caso el visitante registre sus datos en nuestra p\u00e1gina web y brinde su respectivo consentimiento seg\u00fan corresponda, adquirir\u00e1 la condici\u00f3n de usuario, aceptando plena y sin reservas no solo los t\u00e9rminos y condiciones incluidos en este documento, sino tambi\u00e9n nuestra Pol\u00edtica de Privacidad.<\/p><p>Recomendamos a cada visitante y usuario leer detenidamente cada nota, informaci\u00f3n legal y advertencia antes de acceder, adquirir y utilizar los productos y servicios prestados por Akua D&#8217;Vida.<\/p><h4><strong>1. T\u00e9rminos Generales<\/strong><\/h4><p>El SITIO WEB o el PORTAL se refieren a la p\u00e1gina web\u00a0<a href=\"https:\/\/mmwsistem.com\">https:\/\/mmwsistem.com\/<\/a><\/p><p>El USUARIO es todo aquel que se registre en el SITIO WEB mediante el ingreso de los datos personales solicitados a trav\u00e9s de una \u201cCotizaci\u00f3n\u201d o la opci\u00f3n de \u201cCont\u00e1ctenos\u201d, y aceptando de forma previa los T\u00e9rminos y Condiciones, la Pol\u00edtica de Privacidad implementada y la cl\u00e1usula de datos personales correspondiente.<\/p><p>El VISITANTE es todo aquel que ingrese al SITIO WEB, pero no se registra.<\/p><p>La EMPRESA es M &amp; M WATER SISTEM S.A.C\u00a0 identificada con RUC No. 20608826743 , respectivamente.<\/p><p>La EMPRESA ha creado este SITIO WEB para la informaci\u00f3n de sus usuarios y de los clientes de las empresas vinculadas a la misma, quienes al ingresar a \u00e9ste quedan sujetos a las presentes condiciones generales de uso.<\/p><p>Los productos exhibidos en el SITIO WEB est\u00e1n destinados al mercado peruano.\u00a0<\/p><p>El presente SITIO WEB podr\u00e1 ser actualizado o suprimido en cualquier momento y la informaci\u00f3n aqu\u00ed difundida podr\u00e1 ser objeto de modificaci\u00f3n total o parcial en cualquier forma por la empresa Akua D&#8217;Vida\u00a0y sin previo aviso, no gener\u00e1ndose en ninguno de los casos derecho a indemnizaci\u00f3n alguna a favor de terceros.\u00a0<\/p><h4><strong>2. Finalidad<\/strong><\/h4><p>El SITIO WEB tiene por objeto facilitar a cada uno de sus usuarios y visitantes el conocimiento de las actividades, productos y de los servicios que la EMPRESA realiza.<\/p><h4><strong>3. Registro<\/strong><\/h4><p>La EMPRESA requiere, para el uso de algunos de los servicios ofrecidos en la WEB, el llenado previo de un formulario, en aras de que se produzca su registro y as\u00ed el VISITANTE tenga la condici\u00f3n de USUARIO. En base a ello, el SITIO WEB provee informaci\u00f3n publicitaria sobre las EMPRESAS a trav\u00e9s de tel\u00e9fono y correo electr\u00f3nico a toda persona que adquiera la condici\u00f3n de usuario, aceptando de forma previa lo dispuesto en los T\u00e9rminos y Condiciones, Pol\u00edtica de Privacidad y la cl\u00e1usula de datos personales correspondiente.<\/p><p>Asimismo, el uso de ciertos servicios ofrecidos a trav\u00e9s del SITIO WEB se encuentra sometido a condiciones particulares propias que, seg\u00fan los casos, sustituyen, completan y\/o modifican los presentes T\u00e9rminos y Condiciones, los cuales son informados oportunamente.<\/p><h4><b>4. Modificaciones<\/b><\/h4><p>La EMPRESA se reserva la facultad, en cualquier momento, y sin necesidad de previo aviso, de modificar la informaci\u00f3n contenida en el SITIO WEB, T\u00e9rminos y Condiciones y Pol\u00edtica de Privacidad. Las modificaciones que se hagan, una vez incorporadas en el SITIO WEB, producir\u00e1n efectos en forma inmediata.<\/p><p>No obstante, de tratarse de un cambio sustancial en referencia a la finalidad del tratamiento de los datos personales solicitados, este ser\u00e1 oportunamente se\u00f1alado a los USUARIOS en aras de que muestren su conformidad con ellos; de lo contrario, los datos recopilados de los USUARIOS ser\u00e1n debidamente eliminados de nuestra base de datos.<\/p><h4><b>5. Propiedad Intelectual<\/b><\/h4><p>Los derechos de propiedad intelectual del SITIO WEB, su c\u00f3digo fuente, dise\u00f1o, estructura de navegaci\u00f3n, bases de datos y los distintos elementos en \u00e9l contenidos son titularidad de la EMPRESA, a quien corresponde el ejercicio exclusivo de los derechos de explotaci\u00f3n de los mismos en cualquier forma y, en especial, los derechos de reproducci\u00f3n, distribuci\u00f3n, comunicaci\u00f3n p\u00fablica y transformaci\u00f3n.<\/p><p>Se autoriza la visualizaci\u00f3n, impresi\u00f3n y descarga parcial del contenido del Portal s\u00f3lo y exclusivamente si concurren las siguientes condiciones:<\/p><ol><li>Que sea compatible con los fines del SITIO WEB;<\/li><li>Que se realice con el exclusivo \u00e1nimo de obtener la informaci\u00f3n contenida para uso personal y privado.Se proh\u00edbe expresamente su utilizaci\u00f3n con fines comerciales o para su distribuci\u00f3n, comunicaci\u00f3n p\u00fablica, transformaci\u00f3n o descompilaci\u00f3n;<\/li><li>Que ninguno de los contenidos relacionados en esta web sea modificados de manera alguna; y,<\/li><li>Que ning\u00fan gr\u00e1fico, icono o imagen disponible en el SITIO WEB sea utilizado, copiado o distribuido separadamente del texto o resto de im\u00e1genes que lo acompa\u00f1en.<\/li><\/ol><h4><strong>Suspensi\u00f3n del acceso<\/strong><\/h4><p>La EMPRESA se reserva el derecho de suspender, temporalmente y sin previo aviso, el acceso al SITIO WEB por el tiempo que resulte necesario, en raz\u00f3n de la eventual necesidad de efectuar operaciones de mantenimiento, reparaci\u00f3n, actualizaci\u00f3n, mejora o causas similares.<\/p><p>La EMPRESA no garantizan la inexistencia de interrupciones o errores en el acceso al SITIO WEB, ni ser\u00e1 responsable de los retrasos o fallos que se produjeran en su acceso, funcionamiento y operatividad, sus servicios y\/o contenidos, as\u00ed como tampoco de las interrupciones, suspensiones o de su mal funcionamiento, cuando tuvieren su origen en fallas producidas por causas ajenas a su voluntad o fuera de su control o por cualquier otra situaci\u00f3n de caso fortuito o fuerza mayor.<\/p><h4><strong>Usuarios<\/strong><\/h4><h4><b>Consentimiento para uso de Datos Personales<\/b><\/h4><p>El USUARIO, una vez que haya brindado su consentimiento respectivo, se le podr\u00e1 enviar publicidad comercial de actividades y ofertas por v\u00eda telef\u00f3nica y por correo electr\u00f3nico, as\u00ed como la Pol\u00edtica de Privacidad de la EMPRESA y, de ser el caso, en las condiciones particulares que sean informadas oportunamente y de acuerdo a su consentimiento.<\/p><h4><b>Obligaciones<\/b><\/h4><p>El USUARIO se obliga a hacer uso del SITIO WEB \u00fanicamente para fines l\u00edcitos y\/o en forma diligente y correcta. En ese sentido, en forma enunciativa y no limitativa, el USUARIO no deber\u00e1 utilizar el SITIO WEB para la realizaci\u00f3n de actividades contrarias a la ley, a los presentes T\u00e9rminos y Condiciones, a la moral, a las buenas costumbres o al orden p\u00fablico establecido y\/o con fines o efectos il\u00edcitos, prohibidos o lesivos de derechos e intereses de terceros, ni para procesar, enviar o trasmitir a trav\u00e9s del SITIO WEB material, informaci\u00f3n o contenidos que puedan ser considerados de alg\u00fan modo ilegal, amenazante, abusivo, invasivo, difamatorio, obsceno, sexualmente expl\u00edcito, racista, vulgar, profano o que resulte reprobable de alguna manera o afecte derechos civiles o alguna norma legal.<\/p><p>El USUARIO se abstendr\u00e1 de utilizar los contenidos y\/o servicios que de cualquier forma puedan da\u00f1ar, inutilizar, sobrecargar o deteriorar el SITIO WEB, impedir o restringir su normal uso o su disfrute.<\/p><p>El USUARIO, en general, deber\u00e1 cumplir con todas y cada una de las dem\u00e1s obligaciones establecidas en los presentes T\u00e9rminos y Condiciones, as\u00ed como las dem\u00e1s que puedan inferirse de un uso correcto, de buena fe y\/o racional del SITIO WEB. El incumplimiento de las mismas dar\u00e1 lugar a las responsabilidades civiles y penales correspondientes.<\/p><h3><b>Cancelaci\u00f3n<\/b><\/h3><p>La EMPRESA podr\u00e1, bajo algunas circunstancias y sin necesidad de notificaci\u00f3n previa, cancelar el registro del USUARIO.<\/p><p>Entre las causales de cancelaci\u00f3n se incluyen, sin limitarse, las siguientes:<\/p><ol><li>cualquier violaci\u00f3n a estas Condiciones de Uso y\/o Pol\u00edtica de Privacidad;<\/li><li>solicitud del USUARIO;<\/li><li>requerimientos de autoridades legales o cualquier tipo de autoridad competente; y,<\/li><li>problemas t\u00e9cnicos o de seguridad.<\/li><\/ol><p>La cancelaci\u00f3n del registro incluir\u00e1:<\/p><ol><li>Cancelaci\u00f3n al acceso a los servicios brindados por la EMPRESA; y,<\/li><li>eliminaci\u00f3n de toda la informaci\u00f3n relacionada a la informaci\u00f3n del USUARIO.<\/li><\/ol><h3><b>Responsabilidad<\/b><\/h3><p>La EMPRESA, sus funcionarios, directores o empleados, no ser\u00e1n responsables en forma alguna de las consecuencias que, por el incumplimiento de cualquiera de las obligaciones o prohibiciones mencionadas, se puedan generar.<\/p><p>La EMPRESA no asumen responsabilidad alguna derivada de la concesi\u00f3n o contenidos de los enlaces de terceros a los que se hace referencia en el SITIO WEB, ni garantiza la ausencia de virus u otros elementos en los mismos que puedan producir alteraciones en el sistema inform\u00e1tico (hardware y software), los documentos o los archivos del usuario, excluyendo cualquier responsabilidad por los da\u00f1os de cualquier clase causados al usuario por este motivo.<\/p><h3><b>Legislaci\u00f3n aplicable<\/b><\/h3><p>A menos que expl\u00edcitamente se indique lo contrario, los T\u00e9rminos y Condiciones, as\u00ed como la Pol\u00edtica de Privacidad de la EMPRESA, se regir\u00e1n e interpretar\u00e1n conforme a la ley peruana. Tanto la EMPRESA como el USUARIO o VISITANTE aceptan someterse a la exclusiva jurisdicci\u00f3n de los tribunales peruanos.<\/p><p>En caso de existir alguna disputa, pueden ponerse en contacto directo con la EMPRESA para buscar una soluci\u00f3n al correo\u00a0<a href=\"mailto:contacto@mmwsistem.com\" target=\"_blank\" rel=\"noopener\">contacto@mmwsistem<\/a><a href=\"mailto:contacto@mmwsistem.com\" target=\"_blank\" rel=\"noopener\">.com<\/a><\/p><\/div><\/div>\t\t\t\t\t\t\t\t<\/div>\n\t\t\t\t<\/div>\n\t\t\t\t\t<\/div>\n\t\t<\/div>\n\t\t\t\t\t<\/div>\n\t\t<\/section>\n\t\t\t\t<\/div>\n\t\t","protected":false},"excerpt":{"rendered":"<p>T\u00e9rminos y Condiciones La presente p\u00e1gina web tiene por objeto facilitar al p\u00fablico en general el conocimiento de las actividades que realiza y de los servicios que prestar\u00e1 M &amp; M WATER SISTEM S.A.C\u00a0 (en adelante\u00a0 \u201cAkua D&#8217;Vida\u201d) transmitiendo publicidad relativa a nuestras actividades y oferta comercial a las personas que se registren mediante esta [&hellip;]<\/p>\n","protected":false},"author":1,"featured_media":0,"parent":0,"menu_order":0,"comment_status":"closed","ping_status":"closed","template":"","meta":{"footnotes":""},"class_list":["post-1022","page","type-page","status-publish","hentry"],"_links":{"self":[{"href":"https:\/\/mmwsistem.com\/index.php?rest_route=\/wp\/v2\/pages\/1022","targetHints":{"allow":["GET"]}}],"collection":[{"href":"https:\/\/mmwsistem.com\/index.php?rest_route=\/wp\/v2\/pages"}],"about":[{"href":"https:\/\/mmwsistem.com\/index.php?rest_route=\/wp\/v2\/types\/page"}],"author":[{"embeddable":true,"href":"https:\/\/mmwsistem.com\/index.php?rest_route=\/wp\/v2\/users\/1"}],"replies":[{"embeddable":true,"href":"https:\/\/mmwsistem.com\/index.php?rest_route=%2Fwp%2Fv2%2Fcomments&post=1022"}],"version-history":[{"count":7,"href":"https:\/\/mmwsistem.com\/index.php?rest_route=\/wp\/v2\/pages\/1022\/revisions"}],"predecessor-version":[{"id":1032,"href":"https:\/\/mmwsistem.com\/index.php?rest_route=\/wp\/v2\/pages\/1022\/revisions\/1032"}],"wp:attachment":[{"href":"https:\/\/mmwsistem.com\/index.php?rest_route=%2Fwp%2Fv2%2Fmedia&parent=1022"}],"curies":[{"name":"wp","href":"https:\/\/api.w.org\/{rel}","templated":true}]}}