{"id":1034,"date":"2022-07-22T17:35:26","date_gmt":"2022-07-22T17:35:26","guid":{"rendered":"https:\/\/mmwsistem.com\/?page_id=1034"},"modified":"2022-07-22T17:37:11","modified_gmt":"2022-07-22T17:37:11","slug":"derechos-arco","status":"publish","type":"page","link":"https:\/\/mmwsistem.com\/?page_id=1034","title":{"rendered":"Derechos ARCO"},"content":{"rendered":"<style>:root{--page-title-display:none;}.elementor-widget .tippy-tooltip .tippy-content{text-align:center;}<\/style>\t\t<div data-elementor-type=\"wp-page\" data-elementor-id=\"1034\" class=\"elementor elementor-1034\">\n\t\t\t\t\t\t<section class=\"elementor-section elementor-top-section elementor-element elementor-element-d79c8d6 elementor-section-boxed elementor-section-height-default elementor-section-height-default\" data-id=\"d79c8d6\" data-element_type=\"section\">\n\t\t\t\t\t\t<div class=\"elementor-container elementor-column-gap-default\">\n\t\t\t\t\t<div class=\"elementor-column elementor-col-100 elementor-top-column elementor-element elementor-element-4106263\" data-id=\"4106263\" data-element_type=\"column\">\n\t\t\t<div class=\"elementor-widget-wrap elementor-element-populated\">\n\t\t\t\t\t\t<div class=\"elementor-element elementor-element-a177269 elementor-widget elementor-widget-text-editor\" data-id=\"a177269\" data-element_type=\"widget\" data-widget_type=\"text-editor.default\">\n\t\t\t\t<div class=\"elementor-widget-container\">\n\t\t\t\t\t\t\t\t\t<div class=\"elementor-element elementor-element-9728979 elementor-widget elementor-widget-heading\" data-id=\"9728979\" data-element_type=\"widget\" data-settings=\"{&quot;ekit_we_effect_on&quot;:&quot;none&quot;}\" data-widget_type=\"heading.default\"><div class=\"elementor-widget-container\"><h2 class=\"elementor-heading-title elementor-size-default\">Derechos ARCO<\/h2><\/div><\/div><div class=\"elementor-element elementor-element-23c52061 elementor-widget elementor-widget-text-editor\" data-id=\"23c52061\" data-element_type=\"widget\" data-settings=\"{&quot;ekit_we_effect_on&quot;:&quot;none&quot;}\" data-widget_type=\"text-editor.default\"><div class=\"elementor-widget-container\"><p>\u00a0<\/p><h2><strong>\u00bfQU\u00c9 ES ARCO?<\/strong><\/h2><p>\u00a0Los Derechos ARCO (Acceso, Rectificaci\u00f3n, Cancelaci\u00f3n y Oposici\u00f3n) son el conjunto de derechos a trav\u00e9s de los cuales la Ley N\u00b0 29733 \u2013 Ley de Protecci\u00f3n de Datos Personales, garantiza a las personas el poder de control sobre sus datos personales.<\/p><h2><strong>\u00bfPARA QU\u00c9 SIRVE UNA SOLICITUD ARCO?<\/strong><\/h2><p>Con los derechos ARCO podr\u00e1s generar solicitudes respecto a:<\/p><ol><li><strong>Derecho de acceso:\u00a0<\/strong>Te permite averiguar en el banco de datos de Atria si tus datos personales est\u00e1n siendo usados y adem\u00e1s, solicitar la informaci\u00f3n sobre el origen de dichos datos y adem\u00e1s, las comunicaciones realizada con su uso.<\/li><li><strong>Derecho de rectificaci\u00f3n:\u00a0<\/strong>Te permite actualizar o completar tus datos personales faltantes. S\u00f3lo debes precisar qu\u00e9 datos deseas modificar o agregar en la solicitud y adjuntar un documento que lo valide.<\/li><li><strong>Derecho de cancelaci\u00f3n:<\/strong>\u00a0Te da la facultad de solicitar la eliminaci\u00f3n de tus datos personales siempre y cuando:<\/li><\/ol><ul><li>Hayan dejado de ser necesarios sobre el origen de la recopilaci\u00f3n.<\/li><li>Haya vencido el plazo establecido con el contrato.<\/li><\/ul><p>Nota: La eliminaci\u00f3n no proceder\u00e1 cuando los datos personales deban ser conservados por razones estrictas a las leyes aplicables o relaci\u00f3n entre responsable y titular.<\/p><ol><li><strong>Derecho de oposici\u00f3n:\u00a0<\/strong>Si en caso est\u00e9n usando tus datos personales para otros motivos, podr\u00e1s generar una solicitud para restringir su uso.<\/li><\/ol><p>Nota: Deber\u00e1s indicar y fundamentar sobre qu\u00e9 dato personal deseas restringir su uso.<\/p><h2><strong>\u00bf<\/strong><strong>C\u00d3MO REALIZAR UNA SOLICITUD ARCO?<\/strong><\/h2><p>\u00a0El Usuario debe enviar su solicitud ARCO debidamente completada a trav\u00e9s del correo electr\u00f3nico\u00a0<a href=\"mailto:derechosarco@mmwsistem.com\" target=\"_blank\" rel=\"noopener\">derechosarco@mmwsistem.com <\/a>con el asunto: Derechos Arco \u2013 \u201cNombre del derecho que desea ejecutar\u201d<\/p><p>Descarga el formato\u00a0<a href=\"https:\/\/www.atria.com.pe\/wp-content\/uploads\/2021\/10\/SOLICITUD_DERECHOS_ARCO.docx\" target=\"_blank\" rel=\"noopener\"><strong>aqu\u00ed<\/strong><\/a><\/p><\/div><\/div>\t\t\t\t\t\t\t\t<\/div>\n\t\t\t\t<\/div>\n\t\t\t\t\t<\/div>\n\t\t<\/div>\n\t\t\t\t\t<\/div>\n\t\t<\/section>\n\t\t\t\t<\/div>\n\t\t","protected":false},"excerpt":{"rendered":"<p>Derechos ARCO \u00a0 \u00bfQU\u00c9 ES ARCO? \u00a0Los Derechos ARCO (Acceso, Rectificaci\u00f3n, Cancelaci\u00f3n y Oposici\u00f3n) son el conjunto de derechos a trav\u00e9s de los cuales la Ley N\u00b0 29733 \u2013 Ley de Protecci\u00f3n de Datos Personales, garantiza a las personas el poder de control sobre sus datos personales. \u00bfPARA QU\u00c9 SIRVE UNA SOLICITUD ARCO? Con los [&hellip;]<\/p>\n","protected":false},"author":1,"featured_media":0,"parent":0,"menu_order":0,"comment_status":"closed","ping_status":"closed","template":"","meta":{"footnotes":""},"class_list":["post-1034","page","type-page","status-publish","hentry"],"_links":{"self":[{"href":"https:\/\/mmwsistem.com\/index.php?rest_route=\/wp\/v2\/pages\/1034","targetHints":{"allow":["GET"]}}],"collection":[{"href":"https:\/\/mmwsistem.com\/index.php?rest_route=\/wp\/v2\/pages"}],"about":[{"href":"https:\/\/mmwsistem.com\/index.php?rest_route=\/wp\/v2\/types\/page"}],"author":[{"embeddable":true,"href":"https:\/\/mmwsistem.com\/index.php?rest_route=\/wp\/v2\/users\/1"}],"replies":[{"embeddable":true,"href":"https:\/\/mmwsistem.com\/index.php?rest_route=%2Fwp%2Fv2%2Fcomments&post=1034"}],"version-history":[{"count":4,"href":"https:\/\/mmwsistem.com\/index.php?rest_route=\/wp\/v2\/pages\/1034\/revisions"}],"predecessor-version":[{"id":1039,"href":"https:\/\/mmwsistem.com\/index.php?rest_route=\/wp\/v2\/pages\/1034\/revisions\/1039"}],"wp:attachment":[{"href":"https:\/\/mmwsistem.com\/index.php?rest_route=%2Fwp%2Fv2%2Fmedia&parent=1034"}],"curies":[{"name":"wp","href":"https:\/\/api.w.org\/{rel}","templated":true}]}}