{"id":635,"date":"2022-07-13T19:00:31","date_gmt":"2022-07-13T19:00:31","guid":{"rendered":"https:\/\/mmwsistem.com\/?post_type=product&#038;p=635"},"modified":"2022-09-05T05:36:15","modified_gmt":"2022-09-05T05:36:15","slug":"equipo-ro-confort-400-gpd","status":"publish","type":"product","link":"https:\/\/mmwsistem.com\/?product=equipo-ro-confort-400-gpd","title":{"rendered":"EQUIPO RO CONFORT 400 GPD"},"content":{"rendered":"<p><strong>EQUIPO RO CONFORT 400 GPD <\/strong>Es un potente Purificador por Osmosis Inversa con la capacidad\u00a0 de producir 1 litro de agua por minuto que es equivalente a 4 vasos de agua de\u00a0 gran calidad, tiene un dise\u00f1o compacto, proporciona un agua apta para consumo humano, pura, libre de impurezas y contaminantes.\u00a0 \u00a0 Su sistema principal es la membrana de \u00f3smosis inversa que retiene part\u00edculas con una precisi\u00f3n de 0,0001 micrones, esto permite remover bacterias, virus, metales pesados, sales minerales, sustancias qu\u00edmicas disueltas en el agua, y sustancias pat\u00f3genas en general.<\/p>\n<p><strong>APLICACIONES<\/strong><\/p>\n<ul>\n<li><strong>Residencial<\/strong>: casas habitaci\u00f3n, departamentos, viviendas.<\/li>\n<li><strong>Comercial<\/strong>: oficinas, cafeter\u00edas, gimnasios, m\u00e1quinas de hielo, bebidas, etc.<\/li>\n<\/ul>\n<p>&nbsp;<\/p>\n<p>El precio incluye IGV e Instalaci\u00f3n en Lima Metropolitana y Callao.<\/p>\n","protected":false},"excerpt":{"rendered":"<p>EQUIPO RO CONFORT 400 GPD Es un potente Purificador por Osmosis Inversa con la capacidad\u00a0 de producir 1 litro de agua por minuto que es equivalente a 4 vasos de agua de\u00a0 gran calidad, tiene un dise\u00f1o compacto, proporciona un agua apta para consumo humano, pura, libre de impurezas y contaminantes.\u00a0 \u00a0 Su sistema principal [&hellip;]<\/p>\n","protected":false},"featured_media":612,"comment_status":"open","ping_status":"closed","template":"","meta":[],"product_brand":[],"product_cat":[35,34,41],"product_tag":[],"class_list":{"0":"post-635","1":"product","2":"type-product","3":"status-publish","4":"has-post-thumbnail","6":"product_cat-comercial","7":"product_cat-residencial","8":"product_cat-residencial-y-comercial","10":"first","11":"instock","12":"featured","13":"shipping-taxable","14":"purchasable","15":"product-type-simple"},"_links":{"self":[{"href":"https:\/\/mmwsistem.com\/index.php?rest_route=\/wp\/v2\/product\/635","targetHints":{"allow":["GET"]}}],"collection":[{"href":"https:\/\/mmwsistem.com\/index.php?rest_route=\/wp\/v2\/product"}],"about":[{"href":"https:\/\/mmwsistem.com\/index.php?rest_route=\/wp\/v2\/types\/product"}],"replies":[{"embeddable":true,"href":"https:\/\/mmwsistem.com\/index.php?rest_route=%2Fwp%2Fv2%2Fcomments&post=635"}],"wp:featuredmedia":[{"embeddable":true,"href":"https:\/\/mmwsistem.com\/index.php?rest_route=\/wp\/v2\/media\/612"}],"wp:attachment":[{"href":"https:\/\/mmwsistem.com\/index.php?rest_route=%2Fwp%2Fv2%2Fmedia&parent=635"}],"wp:term":[{"taxonomy":"product_brand","embeddable":true,"href":"https:\/\/mmwsistem.com\/index.php?rest_route=%2Fwp%2Fv2%2Fproduct_brand&post=635"},{"taxonomy":"product_cat","embeddable":true,"href":"https:\/\/mmwsistem.com\/index.php?rest_route=%2Fwp%2Fv2%2Fproduct_cat&post=635"},{"taxonomy":"product_tag","embeddable":true,"href":"https:\/\/mmwsistem.com\/index.php?rest_route=%2Fwp%2Fv2%2Fproduct_tag&post=635"}],"curies":[{"name":"wp","href":"https:\/\/api.w.org\/{rel}","templated":true}]}}