{"id":638,"date":"2022-07-13T19:04:57","date_gmt":"2022-07-13T19:04:57","guid":{"rendered":"https:\/\/mmwsistem.com\/?post_type=product&#038;p=638"},"modified":"2022-07-13T19:04:57","modified_gmt":"2022-07-13T19:04:57","slug":"filtro-de-carbon-granulado-de-5-micras","status":"publish","type":"product","link":"https:\/\/mmwsistem.com\/?product=filtro-de-carbon-granulado-de-5-micras","title":{"rendered":"FILTRO DE CARB\u00d3N GRANULADO, DE 5 MICRAS"},"content":{"rendered":"<p>Eliminar contaminantes como materiales org\u00e1nicos; tambi\u00e9n puede eliminar el cloro y los contaminantes que causan olores y mal sabor. Medida del filtro es de 2.5X10&#8243;<\/p>\n","protected":false},"excerpt":{"rendered":"<p>Eliminar contaminantes como materiales org\u00e1nicos; tambi\u00e9n puede eliminar el cloro y los contaminantes que causan olores y mal sabor. Medida del filtro es de 2.5X10&#8243;<\/p>\n","protected":false},"featured_media":615,"comment_status":"open","ping_status":"closed","template":"","meta":[],"product_brand":[],"product_cat":[16],"product_tag":[],"class_list":{"0":"post-638","1":"product","2":"type-product","3":"status-publish","4":"has-post-thumbnail","6":"product_cat-sin-categorizar","8":"first","9":"instock","10":"shipping-taxable","11":"purchasable","12":"product-type-simple"},"_links":{"self":[{"href":"https:\/\/mmwsistem.com\/index.php?rest_route=\/wp\/v2\/product\/638","targetHints":{"allow":["GET"]}}],"collection":[{"href":"https:\/\/mmwsistem.com\/index.php?rest_route=\/wp\/v2\/product"}],"about":[{"href":"https:\/\/mmwsistem.com\/index.php?rest_route=\/wp\/v2\/types\/product"}],"replies":[{"embeddable":true,"href":"https:\/\/mmwsistem.com\/index.php?rest_route=%2Fwp%2Fv2%2Fcomments&post=638"}],"wp:featuredmedia":[{"embeddable":true,"href":"https:\/\/mmwsistem.com\/index.php?rest_route=\/wp\/v2\/media\/615"}],"wp:attachment":[{"href":"https:\/\/mmwsistem.com\/index.php?rest_route=%2Fwp%2Fv2%2Fmedia&parent=638"}],"wp:term":[{"taxonomy":"product_brand","embeddable":true,"href":"https:\/\/mmwsistem.com\/index.php?rest_route=%2Fwp%2Fv2%2Fproduct_brand&post=638"},{"taxonomy":"product_cat","embeddable":true,"href":"https:\/\/mmwsistem.com\/index.php?rest_route=%2Fwp%2Fv2%2Fproduct_cat&post=638"},{"taxonomy":"product_tag","embeddable":true,"href":"https:\/\/mmwsistem.com\/index.php?rest_route=%2Fwp%2Fv2%2Fproduct_tag&post=638"}],"curies":[{"name":"wp","href":"https:\/\/api.w.org\/{rel}","templated":true}]}}