{"id":650,"date":"2022-07-13T19:21:22","date_gmt":"2022-07-13T19:21:22","guid":{"rendered":"https:\/\/mmwsistem.com\/?post_type=product&#038;p=650"},"modified":"2022-07-23T00:09:25","modified_gmt":"2022-07-23T00:09:25","slug":"purificador-con-sistema-doble-y-sistema-de-ultravioleta","status":"publish","type":"product","link":"https:\/\/mmwsistem.com\/?product=purificador-con-sistema-doble-y-sistema-de-ultravioleta","title":{"rendered":"PURIFICADOR CON SISTEMA DOBLE Y SISTEMA DE ULTRAVIOLETA"},"content":{"rendered":"<p>SISTEMA DISE\u00d1ADO PARA ERRADICAR LA CONTAMINACI\u00d3N MICROBIOL\u00d3GICA, INCORPORA UNA L\u00c1MPARA UV DE 12W PARA ESTERILIZACI\u00d3N EFECTIVA DEL AGUA Y ETAPA DE SEDIMENTOS Y CARB\u00d3N ACTIVADO.<\/p>\n","protected":false},"excerpt":{"rendered":"<p>SISTEMA DISE\u00d1ADO PARA ERRADICAR LA CONTAMINACI\u00d3N MICROBIOL\u00d3GICA, INCORPORA UNA L\u00c1MPARA UV DE 12W PARA ESTERILIZACI\u00d3N EFECTIVA DEL AGUA Y ETAPA DE SEDIMENTOS Y CARB\u00d3N ACTIVADO.<\/p>\n","protected":false},"featured_media":628,"comment_status":"open","ping_status":"closed","template":"","meta":[],"product_brand":[],"product_cat":[34],"product_tag":[],"class_list":{"0":"post-650","1":"product","2":"type-product","3":"status-publish","4":"has-post-thumbnail","6":"product_cat-residencial","8":"first","9":"instock","10":"shipping-taxable","11":"purchasable","12":"product-type-simple"},"_links":{"self":[{"href":"https:\/\/mmwsistem.com\/index.php?rest_route=\/wp\/v2\/product\/650","targetHints":{"allow":["GET"]}}],"collection":[{"href":"https:\/\/mmwsistem.com\/index.php?rest_route=\/wp\/v2\/product"}],"about":[{"href":"https:\/\/mmwsistem.com\/index.php?rest_route=\/wp\/v2\/types\/product"}],"replies":[{"embeddable":true,"href":"https:\/\/mmwsistem.com\/index.php?rest_route=%2Fwp%2Fv2%2Fcomments&post=650"}],"wp:featuredmedia":[{"embeddable":true,"href":"https:\/\/mmwsistem.com\/index.php?rest_route=\/wp\/v2\/media\/628"}],"wp:attachment":[{"href":"https:\/\/mmwsistem.com\/index.php?rest_route=%2Fwp%2Fv2%2Fmedia&parent=650"}],"wp:term":[{"taxonomy":"product_brand","embeddable":true,"href":"https:\/\/mmwsistem.com\/index.php?rest_route=%2Fwp%2Fv2%2Fproduct_brand&post=650"},{"taxonomy":"product_cat","embeddable":true,"href":"https:\/\/mmwsistem.com\/index.php?rest_route=%2Fwp%2Fv2%2Fproduct_cat&post=650"},{"taxonomy":"product_tag","embeddable":true,"href":"https:\/\/mmwsistem.com\/index.php?rest_route=%2Fwp%2Fv2%2Fproduct_tag&post=650"}],"curies":[{"name":"wp","href":"https:\/\/api.w.org\/{rel}","templated":true}]}}