{"id":655,"date":"2022-07-13T19:24:27","date_gmt":"2022-07-13T19:24:27","guid":{"rendered":"https:\/\/mmwsistem.com\/?post_type=product&#038;p=655"},"modified":"2022-09-05T05:10:25","modified_gmt":"2022-09-05T05:10:25","slug":"cano-estilo-americano","status":"publish","type":"product","link":"https:\/\/mmwsistem.com\/?product=cano-estilo-americano","title":{"rendered":"CA\u00d1O ESTILO AMERICANO"},"content":{"rendered":"<p>Ca\u00f1o de inox, de gran dise\u00f1o y de conexi\u00f3n rapida.<\/p>\n<p>&nbsp;<\/p>\n","protected":false},"excerpt":{"rendered":"<p>Ca\u00f1o de inox, de gran dise\u00f1o y de conexi\u00f3n rapida. &nbsp;<\/p>\n","protected":false},"featured_media":606,"comment_status":"open","ping_status":"closed","template":"","meta":[],"product_brand":[],"product_cat":[34],"product_tag":[],"class_list":{"0":"post-655","1":"product","2":"type-product","3":"status-publish","4":"has-post-thumbnail","6":"product_cat-residencial","8":"first","9":"instock","10":"shipping-taxable","11":"purchasable","12":"product-type-simple"},"_links":{"self":[{"href":"https:\/\/mmwsistem.com\/index.php?rest_route=\/wp\/v2\/product\/655","targetHints":{"allow":["GET"]}}],"collection":[{"href":"https:\/\/mmwsistem.com\/index.php?rest_route=\/wp\/v2\/product"}],"about":[{"href":"https:\/\/mmwsistem.com\/index.php?rest_route=\/wp\/v2\/types\/product"}],"replies":[{"embeddable":true,"href":"https:\/\/mmwsistem.com\/index.php?rest_route=%2Fwp%2Fv2%2Fcomments&post=655"}],"wp:featuredmedia":[{"embeddable":true,"href":"https:\/\/mmwsistem.com\/index.php?rest_route=\/wp\/v2\/media\/606"}],"wp:attachment":[{"href":"https:\/\/mmwsistem.com\/index.php?rest_route=%2Fwp%2Fv2%2Fmedia&parent=655"}],"wp:term":[{"taxonomy":"product_brand","embeddable":true,"href":"https:\/\/mmwsistem.com\/index.php?rest_route=%2Fwp%2Fv2%2Fproduct_brand&post=655"},{"taxonomy":"product_cat","embeddable":true,"href":"https:\/\/mmwsistem.com\/index.php?rest_route=%2Fwp%2Fv2%2Fproduct_cat&post=655"},{"taxonomy":"product_tag","embeddable":true,"href":"https:\/\/mmwsistem.com\/index.php?rest_route=%2Fwp%2Fv2%2Fproduct_tag&post=655"}],"curies":[{"name":"wp","href":"https:\/\/api.w.org\/{rel}","templated":true}]}}