{"id":656,"date":"2022-07-13T19:25:01","date_gmt":"2022-07-13T19:25:01","guid":{"rendered":"https:\/\/mmwsistem.com\/?post_type=product&#038;p=656"},"modified":"2022-09-05T05:08:42","modified_gmt":"2022-09-05T05:08:42","slug":"ablandador-smartsoft","status":"publish","type":"product","link":"https:\/\/mmwsistem.com\/?product=ablandador-smartsoft","title":{"rendered":"ABLANDADOR SMARTSOFT"},"content":{"rendered":"<p>Brindan el m\u00e9todo m\u00e1s eficiente y econ\u00f3mico para eliminar la dureza de agua, causante del sarro, tanto en el hogar como en Sector Comercial, al contar con agua blanda con Nuestro Ablandador\u00a0 te brindara m\u00faltiples beneficios tales como:<\/p>\n<ul>\n<li>Dise\u00f1o compacto, f\u00e1cil de instalar y de usar.<\/li>\n<li>Se disfrutara de una ducha de mayor calidad, piel y cabello m\u00e1s suaves, brillantes y humectados.<\/li>\n<li>Mejor aprovechamiento de los insumos de Higiene personal utilizando menos\u00a0 champ\u00fas y jab\u00f3n para la limpieza corporal.<\/li>\n<li>Previene la corrosi\u00f3n por Sarro en electrodom\u00e9sticos, cuida de termas, previene las obstrucciones en las tuber\u00edas, protege a los lavavajillas y evita que se forman manchas.<\/li>\n<li>Tiene bajo consumo de electricidad, teniendo una alta eficiencia en relaci\u00f3n precio-valor.<\/li>\n<\/ul>\n<p>Estos son los beneficios de los ablandadores de agua para usos comerciales :<\/p>\n<ul>\n<li>Una amplia gama de aplicaciones aprovecha los beneficios de los ablandadores de agua: hospitales, hoteles, lavados de autom\u00f3viles, edificios de oficinas, refiner\u00edas, lavander\u00eda de alfombras, plantas de energ\u00eda.<\/li>\n<li>Los equipos tales como lavadoras, enfriadores industriales, alimentadores de calderas e intercambiadores de calor tienen una vida \u00fatil m\u00e1s larga. Ahorros de costes significativos con menos productos qu\u00edmicos y de limpieza industriales.<\/li>\n<li>Una menor cantidad de agua para manchas.<\/li>\n<li>Reducci\u00f3n de costos operativos.<\/li>\n<li>Reducir el uso de energ\u00eda y agua.<\/li>\n<li>Sin p\u00e9rdida de presi\u00f3n.<\/li>\n<\/ul>\n<p>VOLUMEN DE 25 LITROS<\/p>\n","protected":false},"excerpt":{"rendered":"<p>Brindan el m\u00e9todo m\u00e1s eficiente y econ\u00f3mico para eliminar la dureza de agua, causante del sarro, tanto en el hogar como en Sector Comercial, al contar con agua blanda con Nuestro Ablandador\u00a0 te brindara m\u00faltiples beneficios tales como: Dise\u00f1o compacto, f\u00e1cil de instalar y de usar. Se disfrutara de una ducha de mayor calidad, piel [&hellip;]<\/p>\n","protected":false},"featured_media":604,"comment_status":"open","ping_status":"closed","template":"","meta":[],"product_brand":[],"product_cat":[35,41],"product_tag":[],"class_list":{"0":"post-656","1":"product","2":"type-product","3":"status-publish","4":"has-post-thumbnail","6":"product_cat-comercial","7":"product_cat-residencial-y-comercial","9":"first","10":"instock","11":"shipping-taxable","12":"purchasable","13":"product-type-simple"},"_links":{"self":[{"href":"https:\/\/mmwsistem.com\/index.php?rest_route=\/wp\/v2\/product\/656","targetHints":{"allow":["GET"]}}],"collection":[{"href":"https:\/\/mmwsistem.com\/index.php?rest_route=\/wp\/v2\/product"}],"about":[{"href":"https:\/\/mmwsistem.com\/index.php?rest_route=\/wp\/v2\/types\/product"}],"replies":[{"embeddable":true,"href":"https:\/\/mmwsistem.com\/index.php?rest_route=%2Fwp%2Fv2%2Fcomments&post=656"}],"wp:featuredmedia":[{"embeddable":true,"href":"https:\/\/mmwsistem.com\/index.php?rest_route=\/wp\/v2\/media\/604"}],"wp:attachment":[{"href":"https:\/\/mmwsistem.com\/index.php?rest_route=%2Fwp%2Fv2%2Fmedia&parent=656"}],"wp:term":[{"taxonomy":"product_brand","embeddable":true,"href":"https:\/\/mmwsistem.com\/index.php?rest_route=%2Fwp%2Fv2%2Fproduct_brand&post=656"},{"taxonomy":"product_cat","embeddable":true,"href":"https:\/\/mmwsistem.com\/index.php?rest_route=%2Fwp%2Fv2%2Fproduct_cat&post=656"},{"taxonomy":"product_tag","embeddable":true,"href":"https:\/\/mmwsistem.com\/index.php?rest_route=%2Fwp%2Fv2%2Fproduct_tag&post=656"}],"curies":[{"name":"wp","href":"https:\/\/api.w.org\/{rel}","templated":true}]}}